{"id":3,"date":"2025-05-05T07:38:38","date_gmt":"2025-05-05T07:38:38","guid":{"rendered":"https:\/\/agisra.org\/?page_id=3"},"modified":"2026-04-14T11:35:58","modified_gmt":"2026-04-14T09:35:58","slug":"privacy-policy","status":"publish","type":"page","link":"https:\/\/agisra.org\/?page_id=3","title":{"rendered":"Datenschutzerkl\u00e4rung"},"content":{"rendered":"\n<h2 class=\"wp-block-heading\">1. Verantwortliche Stelle<\/h2>\n\n\n\n<p>Verantwortlich f\u00fcr die Datenverarbeitung auf dieser Website ist:<\/p>\n\n\n\n<p>Agisra e.V.<br>Venloer Str. 415, 50825 K\u00f6ln Ehrenfeld<br>Tel: 0221 124019<br>info@agrisra.org<\/p>\n\n\n\n<h2 class=\"wp-block-heading\">2. Allgemeine Hinweise zur Datenverarbeitung<\/h2>\n\n\n\n<p>Wir nehmen den Schutz Ihrer pers\u00f6nlichen Daten sehr ernst. Ihre personenbezogenen Daten werden vertraulich und entsprechend den gesetzlichen Datenschutzvorschriften sowie dieser Datenschutzerkl\u00e4rung behandelt.<\/p>\n\n\n\n<p>Die Nutzung unserer Website ist in der Regel ohne Angabe personenbezogener Daten m\u00f6glich. Soweit auf unseren Seiten personenbezogene Daten erhoben werden (z. B. \u00fcber ein Kontaktformular), erfolgt dies stets auf freiwilliger Basis. Diese Daten werden ohne Ihre ausdr\u00fcckliche Zustimmung nicht an Dritte weitergegeben.<\/p>\n\n\n\n<h2 class=\"wp-block-heading\">3. Cookies<\/h2>\n\n\n\n<p>Unsere Website verwendet Cookies. Cookies sind kleine Textdateien, die auf Ihrem Endger\u00e4t gespeichert werden. Sie dienen dazu, unser Angebot nutzerfreundlicher, effektiver und sicherer zu machen.<\/p>\n\n\n\n<p>Sie k\u00f6nnen die Speicherung von Cookies durch eine entsprechende Einstellung Ihrer Browser-Software verhindern. Bitte beachten Sie jedoch, dass in diesem Fall gegebenenfalls nicht s\u00e4mtliche Funktionen dieser Website vollumf\u00e4nglich genutzt werden k\u00f6nnen.<\/p>\n\n\n\n<h2 class=\"wp-block-heading\">4. Hosting<\/h2>\n\n\n\n<p>Diese Website wird bei einem externen Dienstleister gehostet (Hosting-Provider). Die personenbezogenen Daten, die auf dieser Website erfasst werden, werden auf den Servern des Hosters gespeichert. Hierbei handelt es sich insbesondere um IP-Adressen, Logfiles, Meta- und Kommunikationsdaten, Vertragsdaten, Kontaktdaten, Namen, Webseitenzugriffe und sonstige Daten, die \u00fcber eine Website generiert werden.<\/p>\n\n\n\n<p>Der Einsatz des Hosters erfolgt auf Grundlage von Art. 6 Abs. 1 lit. f DSGVO. Wir haben ein berechtigtes Interesse an einer m\u00f6glichst zuverl\u00e4ssigen Bereitstellung unserer Website.<\/p>\n\n\n\n<h2 class=\"wp-block-heading\">5. Kontaktformular<\/h2>\n\n\n\n<p>Wenn Sie uns per Kontaktformular Anfragen zukommen lassen, werden Ihre Angaben aus dem Formular inklusive der von Ihnen dort angegebenen Kontaktdaten zwecks Bearbeitung der Anfrage und f\u00fcr den Fall von Anschlussfragen bei uns gespeichert. Diese Daten geben wir nicht ohne Ihre Einwilligung weiter.<\/p>\n\n\n\n<p>Die Verarbeitung der in das Kontaktformular eingegebenen Daten erfolgt somit ausschlie\u00dflich auf Grundlage Ihrer Einwilligung (Art. 6 Abs. 1 lit. a DSGVO).<\/p>\n\n\n\n<h2 class=\"wp-block-heading\">6. MailPoet (Newsletter)<\/h2>\n\n\n\n<p>Wenn Sie unseren Newsletter abonnieren, werden Ihre Daten zum Versand des Newsletters gespeichert und verarbeitet. Dies geschieht \u00fcber das WordPress-Plugin MailPoet.<\/p>\n\n\n\n<p>Die Anmeldung zum Newsletter erfolgt im sogenannten Double-Opt-In-Verfahren. Ihre Daten werden ausschlie\u00dflich f\u00fcr den Newsletterversand genutzt und nicht an Dritte weitergegeben.<\/p>\n\n\n\n<p>Rechtsgrundlage f\u00fcr die Verarbeitung ist Ihre Einwilligung (Art. 6 Abs. 1 lit. a DSGVO).<\/p>\n\n\n\n<h2 class=\"wp-block-heading\">7. Google Maps<\/h2>\n\n\n\n<p>Unsere Website nutzt den Kartendienst Google Maps. Anbieter ist die Google Ireland Limited, Gordon House, Barrow Street, Dublin 4, Irland.<\/p>\n\n\n\n<p>Zur Nutzung der Funktionen von Google Maps ist es notwendig, Ihre IP-Adresse zu speichern. Diese Informationen werden in der Regel an einen Server von Google in die USA \u00fcbertragen und dort gespeichert.<\/p>\n\n\n\n<p>Die Nutzung von Google Maps erfolgt im Interesse einer ansprechenden Darstellung unserer Online-Angebote und an einer leichten Auffindbarkeit der von uns angegebenen Orte (Art. 6 Abs. 1 lit. f DSGVO).<\/p>\n\n\n\n<h2 class=\"wp-block-heading\">8. Google Fonts<\/h2>\n\n\n\n<p>Diese Seite nutzt zur einheitlichen Darstellung von Schriftarten Google Fonts, die von Google bereitgestellt werden. Beim Aufruf einer Seite l\u00e4dt Ihr Browser die ben\u00f6tigten Web Fonts in ihren Browsercache, um Texte und Schriftarten korrekt anzuzeigen.<\/p>\n\n\n\n<p>Zu diesem Zweck muss der von Ihnen verwendete Browser Verbindung zu den Servern von Google aufnehmen. Dabei kann Ihre IP-Adresse an Google \u00fcbermittelt werden.<\/p>\n\n\n\n<p>Die Nutzung von Google Fonts erfolgt im Interesse einer einheitlichen und ansprechenden Darstellung unserer Website (Art. 6 Abs. 1 lit. f DSGVO).<\/p>\n\n\n\n<h2 class=\"wp-block-heading\">9. Ihre Rechte<\/h2>\n\n\n\n<p>Sie haben im Rahmen der geltenden gesetzlichen Bestimmungen jederzeit das Recht auf:<\/p>\n\n\n\n<ul class=\"wp-block-list\">\n<li>Auskunft \u00fcber Ihre bei uns gespeicherten personenbezogenen Daten (Art. 15 DSGVO),<\/li>\n\n\n\n<li>Berichtigung unrichtiger Daten (Art. 16 DSGVO),<\/li>\n\n\n\n<li>L\u00f6schung Ihrer Daten (Art. 17 DSGVO),<\/li>\n\n\n\n<li>Einschr\u00e4nkung der Verarbeitung (Art. 18 DSGVO),<\/li>\n\n\n\n<li>Widerspruch gegen die Verarbeitung (Art. 21 DSGVO),<\/li>\n\n\n\n<li>Daten\u00fcbertragbarkeit (Art. 20 DSGVO).<\/li>\n<\/ul>\n\n\n\n<p>Sofern die Verarbeitung auf Ihrer Einwilligung basiert, k\u00f6nnen Sie diese jederzeit mit Wirkung f\u00fcr die Zukunft widerrufen.<\/p>\n\n\n\n<p>Hierzu sowie zu weiteren Fragen zum Thema Datenschutz k\u00f6nnen Sie sich jederzeit unter der im Impressum angegebenen Adresse an uns wenden.<\/p>\n\n\n\n<h2 class=\"wp-block-heading\">10. \u00c4nderung dieser Datenschutzerkl\u00e4rung<\/h2>\n\n\n\n<p>Wir behalten uns vor, diese Datenschutzerkl\u00e4rung bei Bedarf anzupassen, damit sie stets den aktuellen rechtlichen Anforderungen entspricht oder \u00c4nderungen unserer Leistungen ber\u00fccksichtigt.<\/p>\n","protected":false},"excerpt":{"rendered":"<p>1. Verantwortliche Stelle Verantwortlich f\u00fcr die Datenverarbeitung auf dieser Website ist: Agisra e.V.Venloer Str. 415, 50825 K\u00f6ln EhrenfeldTel: 0221 124019info@agrisra.org 2. Allgemeine Hinweise zur Datenverarbeitung Wir nehmen den Schutz Ihrer pers\u00f6nlichen Daten sehr ernst. Ihre personenbezogenen Daten werden vertraulich und entsprechend den gesetzlichen Datenschutzvorschriften sowie dieser Datenschutzerkl\u00e4rung behandelt. Die Nutzung unserer Website ist in der [&hellip;]<\/p>\n","protected":false},"author":1,"featured_media":0,"parent":0,"menu_order":0,"comment_status":"closed","ping_status":"open","template":"","meta":{"_acf_changed":false,"footnotes":""},"class_list":["post-3","page","type-page","status-publish","hentry"],"acf":[],"_links":{"self":[{"href":"https:\/\/agisra.org\/index.php?rest_route=\/wp\/v2\/pages\/3","targetHints":{"allow":["GET"]}}],"collection":[{"href":"https:\/\/agisra.org\/index.php?rest_route=\/wp\/v2\/pages"}],"about":[{"href":"https:\/\/agisra.org\/index.php?rest_route=\/wp\/v2\/types\/page"}],"author":[{"embeddable":true,"href":"https:\/\/agisra.org\/index.php?rest_route=\/wp\/v2\/users\/1"}],"replies":[{"embeddable":true,"href":"https:\/\/agisra.org\/index.php?rest_route=%2Fwp%2Fv2%2Fcomments&post=3"}],"version-history":[{"count":0,"href":"https:\/\/agisra.org\/index.php?rest_route=\/wp\/v2\/pages\/3\/revisions"}],"wp:attachment":[{"href":"https:\/\/agisra.org\/index.php?rest_route=%2Fwp%2Fv2%2Fmedia&parent=3"}],"curies":[{"name":"wp","href":"https:\/\/api.w.org\/{rel}","templated":true}]}}