{"id":6162,"date":"2025-07-23T16:13:11","date_gmt":"2025-07-23T14:13:11","guid":{"rendered":"https:\/\/agisra.org\/?page_id=6162"},"modified":"2026-04-14T20:15:43","modified_gmt":"2026-04-14T18:15:43","slug":"aktuelles","status":"publish","type":"page","link":"https:\/\/agisra.org\/?page_id=6162","title":{"rendered":"Aktuelles"},"content":{"rendered":"\t\t<div data-elementor-type=\"wp-page\" data-elementor-id=\"6162\" class=\"elementor elementor-6162\" data-elementor-post-type=\"page\">\n\t\t\t\t<div class=\"elementor-element elementor-element-556ab95 fit-viewport e-flex e-con-boxed e-con e-parent\" data-id=\"556ab95\" data-element_type=\"container\">\n\t\t\t\t\t<div class=\"e-con-inner\">\n\t\t\t\t<div class=\"elementor-element elementor-element-3f54d98 elementor-widget elementor-widget-heading\" data-id=\"3f54d98\" data-element_type=\"widget\" data-widget_type=\"heading.default\">\n\t\t\t\t<div class=\"elementor-widget-container\">\n\t\t\t\t\t<h1 class=\"elementor-heading-title elementor-size-default\">Aktuelles<\/h1>\t\t\t\t<\/div>\n\t\t\t\t<\/div>\n\t\t\t\t<div class=\"elementor-element elementor-element-4a3461e elementor-grid-3 elementor-grid-tablet-2 elementor-grid-mobile-1 elementor-posts--thumbnail-top elementor-card-shadow-yes elementor-posts__hover-gradient elementor-widget elementor-widget-posts\" data-id=\"4a3461e\" data-element_type=\"widget\" data-settings=\"{&quot;cards_masonry&quot;:&quot;yes&quot;,&quot;cards_row_gap&quot;:{&quot;unit&quot;:&quot;px&quot;,&quot;size&quot;:50,&quot;sizes&quot;:[]},&quot;pagination_type&quot;:&quot;prev_next&quot;,&quot;cards_columns&quot;:&quot;3&quot;,&quot;cards_columns_tablet&quot;:&quot;2&quot;,&quot;cards_columns_mobile&quot;:&quot;1&quot;,&quot;cards_row_gap_tablet&quot;:{&quot;unit&quot;:&quot;px&quot;,&quot;size&quot;:&quot;&quot;,&quot;sizes&quot;:[]},&quot;cards_row_gap_mobile&quot;:{&quot;unit&quot;:&quot;px&quot;,&quot;size&quot;:&quot;&quot;,&quot;sizes&quot;:[]}}\" data-widget_type=\"posts.cards\">\n\t\t\t\t<div class=\"elementor-widget-container\">\n\t\t\t\t\t\t\t<div class=\"elementor-posts-container elementor-posts elementor-posts--skin-cards elementor-grid\" role=\"list\">\n\t\t\t\t<article class=\"elementor-post elementor-grid-item post-7041 post type-post status-publish format-standard hentry category-allgemein\" role=\"listitem\">\n\t\t\t<div class=\"elementor-post__card\">\n\t\t\t\t<div class=\"elementor-post__text\">\n\t\t\t\t<h2 class=\"elementor-post__title\">\n\t\t\t<a href=\"https:\/\/agisra.org\/?p=7041\" >\n\t\t\t\tStellenausschreibung f\u00fcr die Beratung\t\t\t<\/a>\n\t\t<\/h2>\n\t\t\t\t<\/div>\n\t\t\t\t<div class=\"elementor-post__meta-data\">\n\t\t\t\t\t<span class=\"elementor-post-date\">\n\t\t\t24. M\u00e4rz 2026\t\t<\/span>\n\t\t\t\t<\/div>\n\t\t\t\t\t<\/div>\n\t\t<\/article>\n\t\t\t\t<article class=\"elementor-post elementor-grid-item post-7045 post type-post status-publish format-standard hentry category-allgemein\" role=\"listitem\">\n\t\t\t<div class=\"elementor-post__card\">\n\t\t\t\t<div class=\"elementor-post__text\">\n\t\t\t\t<h2 class=\"elementor-post__title\">\n\t\t\t<a href=\"https:\/\/agisra.org\/?p=7045\" >\n\t\t\t\tWir stellen ein! Finanzbuchhalter*in f\u00fcr unseren Verein gesucht\t\t\t<\/a>\n\t\t<\/h2>\n\t\t\t\t<\/div>\n\t\t\t\t<div class=\"elementor-post__meta-data\">\n\t\t\t\t\t<span class=\"elementor-post-date\">\n\t\t\t19. Januar 2026\t\t<\/span>\n\t\t\t\t<\/div>\n\t\t\t\t\t<\/div>\n\t\t<\/article>\n\t\t\t\t<article class=\"elementor-post elementor-grid-item post-7048 post type-post status-publish format-standard hentry category-allgemein\" role=\"listitem\">\n\t\t\t<div class=\"elementor-post__card\">\n\t\t\t\t<div class=\"elementor-post__text\">\n\t\t\t\t<h2 class=\"elementor-post__title\">\n\t\t\t<a href=\"https:\/\/agisra.org\/?p=7048\" >\n\t\t\t\tAbschiebung einer alleinerziehenden, gewaltbetroffenen Mutter von vier minderj\u00e4hrigen Kindern nach Albanien\t\t\t<\/a>\n\t\t<\/h2>\n\t\t\t\t<\/div>\n\t\t\t\t<div class=\"elementor-post__meta-data\">\n\t\t\t\t\t<span class=\"elementor-post-date\">\n\t\t\t4. Juni 2025\t\t<\/span>\n\t\t\t\t<\/div>\n\t\t\t\t\t<\/div>\n\t\t<\/article>\n\t\t\t\t<article class=\"elementor-post elementor-grid-item post-5524 post type-post status-publish format-standard has-post-thumbnail hentry category-allgemein category-blog tag-94 tag-95 tag-fruehlingsgruesse tag-neujahrsgruesse tag-rueckblick\" role=\"listitem\">\n\t\t\t<div class=\"elementor-post__card\">\n\t\t\t\t<a class=\"elementor-post__thumbnail__link\" href=\"https:\/\/agisra.org\/?p=5524\" tabindex=\"-1\" ><div class=\"elementor-post__thumbnail\"><img fetchpriority=\"high\" decoding=\"async\" width=\"768\" height=\"480\" src=\"https:\/\/agisra.org\/wp-content\/uploads\/2025\/03\/Fruehling-768x480.jpg\" class=\"attachment-medium_large size-medium_large wp-image-6001\" alt=\"\" srcset=\"https:\/\/agisra.org\/wp-content\/uploads\/2025\/03\/Fruehling-768x480.jpg 768w, https:\/\/agisra.org\/wp-content\/uploads\/2025\/03\/Fruehling-300x188.jpg 300w, https:\/\/agisra.org\/wp-content\/uploads\/2025\/03\/Fruehling-1024x640.jpg 1024w, https:\/\/agisra.org\/wp-content\/uploads\/2025\/03\/Fruehling.jpg 1200w\" sizes=\"(max-width: 768px) 100vw, 768px\" \/><\/div><\/a>\n\t\t\t\t<div class=\"elementor-post__text\">\n\t\t\t\t<h2 class=\"elementor-post__title\">\n\t\t\t<a href=\"https:\/\/agisra.org\/?p=5524\" >\n\t\t\t\tFr\u00fchlingsgr\u00fc\u00dfe von agisra\t\t\t<\/a>\n\t\t<\/h2>\n\t\t\t\t<\/div>\n\t\t\t\t<div class=\"elementor-post__meta-data\">\n\t\t\t\t\t<span class=\"elementor-post-date\">\n\t\t\t20. M\u00e4rz 2025\t\t<\/span>\n\t\t\t\t<\/div>\n\t\t\t\t\t<\/div>\n\t\t<\/article>\n\t\t\t\t<article class=\"elementor-post elementor-grid-item post-5507 post type-post status-publish format-standard has-post-thumbnail hentry category-allgemein tag-information tag-oeffnungszeit tag-telefonische-sprechzeit\" role=\"listitem\">\n\t\t\t<div class=\"elementor-post__card\">\n\t\t\t\t<a class=\"elementor-post__thumbnail__link\" href=\"https:\/\/agisra.org\/?p=5507\" tabindex=\"-1\" ><div class=\"elementor-post__thumbnail\"><img decoding=\"async\" width=\"768\" height=\"543\" src=\"https:\/\/agisra.org\/wp-content\/uploads\/2025\/02\/Neue-Sprechzeiten-768x543.png\" class=\"attachment-medium_large size-medium_large wp-image-6003\" alt=\"\" srcset=\"https:\/\/agisra.org\/wp-content\/uploads\/2025\/02\/Neue-Sprechzeiten-768x543.png 768w, https:\/\/agisra.org\/wp-content\/uploads\/2025\/02\/Neue-Sprechzeiten-300x212.png 300w, https:\/\/agisra.org\/wp-content\/uploads\/2025\/02\/Neue-Sprechzeiten.png 980w\" sizes=\"(max-width: 768px) 100vw, 768px\" \/><\/div><\/a>\n\t\t\t\t<div class=\"elementor-post__text\">\n\t\t\t\t<h2 class=\"elementor-post__title\">\n\t\t\t<a href=\"https:\/\/agisra.org\/?p=5507\" >\n\t\t\t\tAchtung! Wir haben neue Sprechzeiten\t\t\t<\/a>\n\t\t<\/h2>\n\t\t\t\t<\/div>\n\t\t\t\t<div class=\"elementor-post__meta-data\">\n\t\t\t\t\t<span class=\"elementor-post-date\">\n\t\t\t21. Februar 2025\t\t<\/span>\n\t\t\t\t<\/div>\n\t\t\t\t\t<\/div>\n\t\t<\/article>\n\t\t\t\t<article class=\"elementor-post elementor-grid-item post-5462 post type-post status-publish format-standard has-post-thumbnail hentry category-allgemein category-blog tag-else-falk tag-haushaltsentwurf tag-haushaltskuerzungen tag-kuerzungen tag-offener-brief tag-rat-der-stadt-koeln tag-reker\" role=\"listitem\">\n\t\t\t<div class=\"elementor-post__card\">\n\t\t\t\t<a class=\"elementor-post__thumbnail__link\" href=\"https:\/\/agisra.org\/?p=5462\" tabindex=\"-1\" ><div class=\"elementor-post__thumbnail\"><img decoding=\"async\" width=\"768\" height=\"497\" src=\"https:\/\/agisra.org\/wp-content\/uploads\/2025\/01\/For-Women-768x497.jpg\" class=\"attachment-medium_large size-medium_large wp-image-6004\" alt=\"\" srcset=\"https:\/\/agisra.org\/wp-content\/uploads\/2025\/01\/For-Women-768x497.jpg 768w, https:\/\/agisra.org\/wp-content\/uploads\/2025\/01\/For-Women-300x194.jpg 300w, https:\/\/agisra.org\/wp-content\/uploads\/2025\/01\/For-Women-1024x662.jpg 1024w, https:\/\/agisra.org\/wp-content\/uploads\/2025\/01\/For-Women.jpg 1200w\" sizes=\"(max-width: 768px) 100vw, 768px\" \/><\/div><\/a>\n\t\t\t\t<div class=\"elementor-post__text\">\n\t\t\t\t<h2 class=\"elementor-post__title\">\n\t\t\t<a href=\"https:\/\/agisra.org\/?p=5462\" >\n\t\t\t\tOffener Brief der Else-Falk-Preistr\u00e4gerinnen an den Rat der Stadt K\u00f6ln\t\t\t<\/a>\n\t\t<\/h2>\n\t\t\t\t<\/div>\n\t\t\t\t<div class=\"elementor-post__meta-data\">\n\t\t\t\t\t<span class=\"elementor-post-date\">\n\t\t\t9. Januar 2025\t\t<\/span>\n\t\t\t\t<\/div>\n\t\t\t\t\t<\/div>\n\t\t<\/article>\n\t\t\t\t<article class=\"elementor-post elementor-grid-item post-5456 post type-post status-publish format-standard has-post-thumbnail hentry category-allgemein category-blog tag-frauenprojekte tag-frauentopf tag-haushalt tag-haushaltsentwurf tag-kuerzung tag-offener-brief tag-rau tag-reker tag-stadt-koeln tag-streichung\" role=\"listitem\">\n\t\t\t<div class=\"elementor-post__card\">\n\t\t\t\t<a class=\"elementor-post__thumbnail__link\" href=\"https:\/\/agisra.org\/?p=5456\" tabindex=\"-1\" ><div class=\"elementor-post__thumbnail\"><img decoding=\"async\" width=\"768\" height=\"497\" src=\"https:\/\/agisra.org\/wp-content\/uploads\/2025\/01\/For-Women-768x497.jpg\" class=\"attachment-medium_large size-medium_large wp-image-6004\" alt=\"\" srcset=\"https:\/\/agisra.org\/wp-content\/uploads\/2025\/01\/For-Women-768x497.jpg 768w, https:\/\/agisra.org\/wp-content\/uploads\/2025\/01\/For-Women-300x194.jpg 300w, https:\/\/agisra.org\/wp-content\/uploads\/2025\/01\/For-Women-1024x662.jpg 1024w, https:\/\/agisra.org\/wp-content\/uploads\/2025\/01\/For-Women.jpg 1200w\" sizes=\"(max-width: 768px) 100vw, 768px\" \/><\/div><\/a>\n\t\t\t\t<div class=\"elementor-post__text\">\n\t\t\t\t<h2 class=\"elementor-post__title\">\n\t\t\t<a href=\"https:\/\/agisra.org\/?p=5456\" >\n\t\t\t\tOffener Brief zu den Streichungen in den k\u00f6lner Frauenhilfestrukturen\t\t\t<\/a>\n\t\t<\/h2>\n\t\t\t\t<\/div>\n\t\t\t\t<div class=\"elementor-post__meta-data\">\n\t\t\t\t\t<span class=\"elementor-post-date\">\n\t\t\t28. November 2024\t\t<\/span>\n\t\t\t\t<\/div>\n\t\t\t\t\t<\/div>\n\t\t<\/article>\n\t\t\t\t<article class=\"elementor-post elementor-grid-item post-5446 post type-post status-publish format-standard has-post-thumbnail hentry category-allgemein category-blog tag-fempoerung tag-finanzierung tag-gewalthilfegesetz tag-gewaltschutz tag-stellungnahme\" role=\"listitem\">\n\t\t\t<div class=\"elementor-post__card\">\n\t\t\t\t<a class=\"elementor-post__thumbnail__link\" href=\"https:\/\/agisra.org\/?p=5446\" tabindex=\"-1\" ><div class=\"elementor-post__thumbnail\"><img loading=\"lazy\" decoding=\"async\" width=\"768\" height=\"480\" src=\"https:\/\/agisra.org\/wp-content\/uploads\/2024\/09\/Postkarte_FEMpoerung-768x480.png\" class=\"attachment-medium_large size-medium_large wp-image-6012\" alt=\"\" srcset=\"https:\/\/agisra.org\/wp-content\/uploads\/2024\/09\/Postkarte_FEMpoerung-768x480.png 768w, https:\/\/agisra.org\/wp-content\/uploads\/2024\/09\/Postkarte_FEMpoerung-300x188.png 300w, https:\/\/agisra.org\/wp-content\/uploads\/2024\/09\/Postkarte_FEMpoerung-1024x640.png 1024w, https:\/\/agisra.org\/wp-content\/uploads\/2024\/09\/Postkarte_FEMpoerung.png 1080w\" sizes=\"(max-width: 768px) 100vw, 768px\" \/><\/div><\/a>\n\t\t\t\t<div class=\"elementor-post__text\">\n\t\t\t\t<h2 class=\"elementor-post__title\">\n\t\t\t<a href=\"https:\/\/agisra.org\/?p=5446\" >\n\t\t\t\tUnsere Stellungname &#8222;Gewalthilfegesetz f\u00fcr alle Frauen* &#8211; JETZT!&#8220;\t\t\t<\/a>\n\t\t<\/h2>\n\t\t\t\t<\/div>\n\t\t\t\t<div class=\"elementor-post__meta-data\">\n\t\t\t\t\t<span class=\"elementor-post-date\">\n\t\t\t9. September 2024\t\t<\/span>\n\t\t\t\t<\/div>\n\t\t\t\t\t<\/div>\n\t\t<\/article>\n\t\t\t\t<article class=\"elementor-post elementor-grid-item post-5418 post type-post status-publish format-standard has-post-thumbnail hentry category-allgemein category-blog tag-neujahrsgruesse tag-rueckblick\" role=\"listitem\">\n\t\t\t<div class=\"elementor-post__card\">\n\t\t\t\t<div class=\"elementor-post__text\">\n\t\t\t\t<h2 class=\"elementor-post__title\">\n\t\t\t<a href=\"https:\/\/agisra.org\/?p=5418\" >\n\t\t\t\tNeujahrsgr\u00fc\u00dfe\t\t\t<\/a>\n\t\t<\/h2>\n\t\t\t\t<\/div>\n\t\t\t\t<div class=\"elementor-post__meta-data\">\n\t\t\t\t\t<span class=\"elementor-post-date\">\n\t\t\t31. Dezember 2023\t\t<\/span>\n\t\t\t\t<\/div>\n\t\t\t\t\t<\/div>\n\t\t<\/article>\n\t\t\t\t<article class=\"elementor-post elementor-grid-item post-5402 post type-post status-publish format-standard hentry category-allgemein category-blog tag-jobs tag-stellenausschreibung\" role=\"listitem\">\n\t\t\t<div class=\"elementor-post__card\">\n\t\t\t\t<div class=\"elementor-post__text\">\n\t\t\t\t<h2 class=\"elementor-post__title\">\n\t\t\t<a href=\"https:\/\/agisra.org\/?p=5402\" >\n\t\t\t\tStellenausschreibung f\u00fcr die Beratungsarbeit\t\t\t<\/a>\n\t\t<\/h2>\n\t\t\t\t<\/div>\n\t\t\t\t<div class=\"elementor-post__meta-data\">\n\t\t\t\t\t<span class=\"elementor-post-date\">\n\t\t\t22. November 2023\t\t<\/span>\n\t\t\t\t<\/div>\n\t\t\t\t\t<\/div>\n\t\t<\/article>\n\t\t\t\t<\/div>\n\t\t\n\t\t\t\t<div class=\"e-load-more-anchor\" data-page=\"1\" data-max-page=\"4\" data-next-page=\"https:\/\/agisra.org\/index.php?rest_route=%2Fwp%2Fv2%2Fpages%2F6162&#038;paged=2\"><\/div>\n\t\t\t\t<nav class=\"elementor-pagination\" aria-label=\"Pagination\">\n\t\t\t<span class=\"page-numbers prev\">&laquo; \u00c4ltere<\/span>\n<a class=\"page-numbers next\" href=\"https:\/\/agisra.org\/index.php?rest_route=%2Fwp%2Fv2%2Fpages%2F6162&#038;paged=2\">Neuere &raquo;<\/a>\t\t<\/nav>\n\t\t\t\t\t\t<\/div>\n\t\t\t\t<\/div>\n\t\t\t\t\t<\/div>\n\t\t\t\t<\/div>\n\t\t\t\t<\/div>\n\t\t","protected":false},"excerpt":{"rendered":"<p>Aktuelles<\/p>\n","protected":false},"author":1,"featured_media":0,"parent":0,"menu_order":0,"comment_status":"closed","ping_status":"closed","template":"","meta":{"_acf_changed":false,"footnotes":""},"class_list":["post-6162","page","type-page","status-publish","hentry"],"acf":[],"_links":{"self":[{"href":"https:\/\/agisra.org\/index.php?rest_route=\/wp\/v2\/pages\/6162","targetHints":{"allow":["GET"]}}],"collection":[{"href":"https:\/\/agisra.org\/index.php?rest_route=\/wp\/v2\/pages"}],"about":[{"href":"https:\/\/agisra.org\/index.php?rest_route=\/wp\/v2\/types\/page"}],"author":[{"embeddable":true,"href":"https:\/\/agisra.org\/index.php?rest_route=\/wp\/v2\/users\/1"}],"replies":[{"embeddable":true,"href":"https:\/\/agisra.org\/index.php?rest_route=%2Fwp%2Fv2%2Fcomments&post=6162"}],"version-history":[{"count":3,"href":"https:\/\/agisra.org\/index.php?rest_route=\/wp\/v2\/pages\/6162\/revisions"}],"predecessor-version":[{"id":7317,"href":"https:\/\/agisra.org\/index.php?rest_route=\/wp\/v2\/pages\/6162\/revisions\/7317"}],"wp:attachment":[{"href":"https:\/\/agisra.org\/index.php?rest_route=%2Fwp%2Fv2%2Fmedia&parent=6162"}],"curies":[{"name":"wp","href":"https:\/\/api.w.org\/{rel}","templated":true}]}}