{"id":6252,"date":"2025-09-19T16:26:25","date_gmt":"2025-09-19T14:26:25","guid":{"rendered":"https:\/\/agisra.org\/?page_id=6252"},"modified":"2025-09-23T18:13:21","modified_gmt":"2025-09-23T16:13:21","slug":"team","status":"publish","type":"page","link":"https:\/\/agisra.org\/?page_id=6252","title":{"rendered":"Team"},"content":{"rendered":"\n<p>Das derzeitige Team von agisra besteht aus vierzehn Frauen, \u00fcberwiegend mit Migrationshintergrund. Das Team setzt sich zusammen aus Sozialarbeiterinnen, Dipl. P\u00e4dagoginnen, Politikwissenschaftlerinnen, einer Sprachmittlerin, einer Motop\u00e4din, einer Finanzbuchhalterin und einer Frau, die f\u00fcr die \u00d6ffentlichkeitsarbeit zust\u00e4ndig ist.<\/p>\n\n\n\n<p>Einmal w\u00f6chentlich treffen wir uns in einer Teamsitzung. Die Fachlichkeit wird durch regelm\u00e4\u00dfige Fallintervisionen und Supervision gew\u00e4hrleistet.<\/p>\n\n\n\n<p>Des Weiteren aktualisieren wir unsere Kenntnisse durch interne Fortbildungen und Erfahrungsaustausch.<\/p>\n","protected":false},"excerpt":{"rendered":"<p>Das derzeitige Team von agisra besteht aus vierzehn Frauen, \u00fcberwiegend mit Migrationshintergrund. Das Team setzt sich zusammen aus Sozialarbeiterinnen, Dipl. P\u00e4dagoginnen, Politikwissenschaftlerinnen, einer Sprachmittlerin, einer Motop\u00e4din, einer Finanzbuchhalterin und einer Frau, die f\u00fcr die \u00d6ffentlichkeitsarbeit zust\u00e4ndig ist. Einmal w\u00f6chentlich treffen wir uns in einer Teamsitzung. Die Fachlichkeit wird durch regelm\u00e4\u00dfige Fallintervisionen und Supervision gew\u00e4hrleistet. Des [&hellip;]<\/p>\n","protected":false},"author":1,"featured_media":5693,"parent":0,"menu_order":0,"comment_status":"closed","ping_status":"closed","template":"","meta":{"_acf_changed":false,"footnotes":""},"class_list":["post-6252","page","type-page","status-publish","has-post-thumbnail","hentry"],"acf":[],"_links":{"self":[{"href":"https:\/\/agisra.org\/index.php?rest_route=\/wp\/v2\/pages\/6252","targetHints":{"allow":["GET"]}}],"collection":[{"href":"https:\/\/agisra.org\/index.php?rest_route=\/wp\/v2\/pages"}],"about":[{"href":"https:\/\/agisra.org\/index.php?rest_route=\/wp\/v2\/types\/page"}],"author":[{"embeddable":true,"href":"https:\/\/agisra.org\/index.php?rest_route=\/wp\/v2\/users\/1"}],"replies":[{"embeddable":true,"href":"https:\/\/agisra.org\/index.php?rest_route=%2Fwp%2Fv2%2Fcomments&post=6252"}],"version-history":[{"count":0,"href":"https:\/\/agisra.org\/index.php?rest_route=\/wp\/v2\/pages\/6252\/revisions"}],"wp:featuredmedia":[{"embeddable":true,"href":"https:\/\/agisra.org\/index.php?rest_route=\/wp\/v2\/media\/5693"}],"wp:attachment":[{"href":"https:\/\/agisra.org\/index.php?rest_route=%2Fwp%2Fv2%2Fmedia&parent=6252"}],"curies":[{"name":"wp","href":"https:\/\/api.w.org\/{rel}","templated":true}]}}