{"id":6260,"date":"2025-09-19T16:41:33","date_gmt":"2025-09-19T14:41:33","guid":{"rendered":"https:\/\/agisra.org\/?page_id=6260"},"modified":"2025-09-19T16:41:33","modified_gmt":"2025-09-19T14:41:33","slug":"ehrenamtliche-mitarbeit","status":"publish","type":"page","link":"https:\/\/agisra.org\/?page_id=6260","title":{"rendered":"Ehrenamtliche Mitarbeit"},"content":{"rendered":"\n<p>agisra e.V. bietet ehrenamtlichen Mitarbeiterinnen* ein interessantes und abwechslungsreiches Aufgabenfeld in einem transkulturellen Frauen*team.<\/p>\n\n\n\n<p>Zur Einarbeitung w\u00fcnschen wir uns, dass ehrenamtliche\/freiwillige Mitarbeiterinnen* erstmal 10 Wochentage am St\u00fcck unsere Arbeit im B\u00fcro unterst\u00fctzen, damit sie einen besseren Einblick in unser T\u00e4tigkeitsfeld bekommen.<\/p>\n\n\n\n<h2 class=\"wp-block-heading\">Wir bieten<\/h2>\n\n\n\n<ul class=\"wp-block-list\">\n<li>eine sinnvolle T\u00e4tigkeit in einer Migrantinnen*selbstorganisation<\/li>\n\n\n\n<li>eine freundliche Aufnahme in ein engagiertes und transkulturelles Team<\/li>\n\n\n\n<li>die M\u00f6glichkeit, bei der Unterst\u00fctzung von Klientinnen* mitzuwirken<\/li>\n\n\n\n<li>interne Fortbildungen<\/li>\n\n\n\n<li>viel Raum f\u00fcr inhaltliche Auseinandersetzung<\/li>\n\n\n\n<li>fachliche Anleitung<\/li>\n<\/ul>\n\n\n\n<p><\/p>\n\n\n\n<h2 class=\"wp-block-heading\">Wir suchen Frauen*<\/h2>\n\n\n\n<ul class=\"wp-block-list\">\n<li>f\u00fcr die Unterst\u00fctzung bei administrativen Aufgaben<\/li>\n\n\n\n<li>f\u00fcr die Begleitung und Unterst\u00fctzung von Klientinnen*<\/li>\n\n\n\n<li>mit verbindlichem Engagement<\/li>\n<\/ul>\n\n\n\n<p><\/p>\n\n\n\n<p>M\u00f6chten Sie sich bei uns ehrenamtlich engagieren? Dann nehmen Sie Kontakt zu uns auf! Ihre Bewerbung senden Sie bitte an <a href=\"mailto:info@agisra.org\">info@agisra.org<\/a>. Gerne k\u00f6nnen Sie sich auch vorab unter <a href=\"tel:0221124019\">0221 -12 40 19<\/a> informieren. Besonders freuen wir uns \u00fcber Bewerbungen von Frauen* mit Migrationshintergrund.<\/p>\n","protected":false},"excerpt":{"rendered":"<p>agisra e.V. bietet ehrenamtlichen Mitarbeiterinnen* ein interessantes und abwechslungsreiches Aufgabenfeld in einem transkulturellen Frauen*team. Zur Einarbeitung w\u00fcnschen wir uns, dass ehrenamtliche\/freiwillige Mitarbeiterinnen* erstmal 10 Wochentage am St\u00fcck unsere Arbeit im B\u00fcro unterst\u00fctzen, damit sie einen besseren Einblick in unser T\u00e4tigkeitsfeld bekommen. Wir bieten Wir suchen Frauen* M\u00f6chten Sie sich bei uns ehrenamtlich engagieren? Dann nehmen [&hellip;]<\/p>\n","protected":false},"author":1,"featured_media":6237,"parent":0,"menu_order":0,"comment_status":"closed","ping_status":"closed","template":"","meta":{"_acf_changed":false,"footnotes":""},"class_list":["post-6260","page","type-page","status-publish","has-post-thumbnail","hentry"],"acf":[],"_links":{"self":[{"href":"https:\/\/agisra.org\/index.php?rest_route=\/wp\/v2\/pages\/6260","targetHints":{"allow":["GET"]}}],"collection":[{"href":"https:\/\/agisra.org\/index.php?rest_route=\/wp\/v2\/pages"}],"about":[{"href":"https:\/\/agisra.org\/index.php?rest_route=\/wp\/v2\/types\/page"}],"author":[{"embeddable":true,"href":"https:\/\/agisra.org\/index.php?rest_route=\/wp\/v2\/users\/1"}],"replies":[{"embeddable":true,"href":"https:\/\/agisra.org\/index.php?rest_route=%2Fwp%2Fv2%2Fcomments&post=6260"}],"version-history":[{"count":0,"href":"https:\/\/agisra.org\/index.php?rest_route=\/wp\/v2\/pages\/6260\/revisions"}],"wp:featuredmedia":[{"embeddable":true,"href":"https:\/\/agisra.org\/index.php?rest_route=\/wp\/v2\/media\/6237"}],"wp:attachment":[{"href":"https:\/\/agisra.org\/index.php?rest_route=%2Fwp%2Fv2%2Fmedia&parent=6260"}],"curies":[{"name":"wp","href":"https:\/\/api.w.org\/{rel}","templated":true}]}}