{"id":6262,"date":"2025-09-19T16:42:24","date_gmt":"2025-09-19T14:42:24","guid":{"rendered":"https:\/\/agisra.org\/?page_id=6262"},"modified":"2025-09-19T16:42:24","modified_gmt":"2025-09-19T14:42:24","slug":"praktikum","status":"publish","type":"page","link":"https:\/\/agisra.org\/praktikum\/","title":{"rendered":"Praktikum"},"content":{"rendered":"\n<p>Wir bieten Ihnen die inhaltliche und praktische Auseinandersetzung mit Themen wie Rassismus, Migration, Frauen<em>handel, Gewalt an Frauen<\/em>, Zwangsverheiratung, und vieles mehr. Dar\u00fcber hinaus erm\u00f6glichen wir Ihnen Erfahrungen in der Beratungspraxis, Begleitung und Unterst\u00fctzung von Klientinnen*, Lobby- und \u00d6ffentlichkeitsarbeit zu sammeln.<\/p>\n\n\n\n<p>Die Praktikumszeit sollte mindestens acht Wochen betragen.<\/p>\n\n\n\n<p>Eine Verg\u00fctung k\u00f6nnen wir leider nicht anbieten.<\/p>\n\n\n\n<h2 class=\"wp-block-heading\">DERZEIT SIND ALLE PRAKTIKUMSPL\u00c4TZE BIS EINSCHLIESSLICH JUNI\/JULI 2026 BELEGT. BEWERBUNGEN K\u00d6NNEN ERST F\u00dcR DEN ZEITRAUM AB JULI\/AUGUST 2026 BER\u00dcCKSICHTIGT WERDEN!<\/h2>\n\n\n\n<h2 class=\"wp-block-heading\">Wir bieten:<\/h2>\n\n\n\n<ul class=\"wp-block-list\">\n<li>Begleitung von Klientinnen* zu Beh\u00f6rden, Anw\u00e4lt*innen, Frauen*h\u00e4usern u.a.<\/li>\n\n\n\n<li>Hospitation bei Beratungen<\/li>\n\n\n\n<li>Beteiligung an Teamsitzungen<\/li>\n\n\n\n<li>Einblick in die Gremien- und Lobbyarbeit<\/li>\n\n\n\n<li>interne Fortbildungen<\/li>\n\n\n\n<li>viel Raum f\u00fcr inhaltliche Auseinandersetzung<\/li>\n\n\n\n<li>fachliche Anleitung<\/li>\n\n\n\n<li>Mitarbeit in einem lebhaften und transkulturellen Team<\/li>\n\n\n\n<li>M\u00f6glichkeit zur eigenst\u00e4ndigen Arbeit<\/li>\n<\/ul>\n\n\n\n<p><\/p>\n\n\n\n<h2 class=\"wp-block-heading\">Wir w\u00fcnschen uns:<\/h2>\n\n\n\n<ul class=\"wp-block-list\">\n<li>Eigeninitiative und Flexibilit\u00e4t<\/li>\n\n\n\n<li>Engagement und Interesse an Themen wie z.B. Rassismus, Feminismus, Gewalt an Frauen* u.a.<\/li>\n\n\n\n<li>Teamf\u00e4higkeit<\/li>\n\n\n\n<li>transkulturelle und soziale Kompetenz<\/li>\n\n\n\n<li>Unterst\u00fctzung bei administrativen Aufgaben<\/li>\n<\/ul>\n\n\n\n<p><\/p>\n\n\n\n<p>Ihre vollst\u00e4ndigen Bewerbungsunterlagen senden Sie bitte an praktikum@agisra.org. Gerne k\u00f6nnen Sie sich auch vorab unter 0221 -12 40 19 informieren. Besonders freuen wir uns \u00fcber Bewerbungen von Frauen* mit Migrationshintergrund<\/p>\n","protected":false},"excerpt":{"rendered":"<p>Wir bieten Ihnen die inhaltliche und praktische Auseinandersetzung mit Themen wie Rassismus, Migration, Frauenhandel, Gewalt an Frauen, Zwangsverheiratung, und vieles mehr. Dar\u00fcber hinaus erm\u00f6glichen wir Ihnen Erfahrungen in der Beratungspraxis, Begleitung und Unterst\u00fctzung von Klientinnen*, Lobby- und \u00d6ffentlichkeitsarbeit zu sammeln. Die Praktikumszeit sollte mindestens acht Wochen betragen. Eine Verg\u00fctung k\u00f6nnen wir leider nicht anbieten. DERZEIT [&hellip;]<\/p>\n","protected":false},"author":1,"featured_media":6232,"parent":0,"menu_order":0,"comment_status":"closed","ping_status":"closed","template":"","meta":{"_acf_changed":false,"footnotes":""},"class_list":["post-6262","page","type-page","status-publish","has-post-thumbnail","hentry"],"acf":[],"_links":{"self":[{"href":"https:\/\/agisra.org\/wp-json\/wp\/v2\/pages\/6262","targetHints":{"allow":["GET"]}}],"collection":[{"href":"https:\/\/agisra.org\/wp-json\/wp\/v2\/pages"}],"about":[{"href":"https:\/\/agisra.org\/wp-json\/wp\/v2\/types\/page"}],"author":[{"embeddable":true,"href":"https:\/\/agisra.org\/wp-json\/wp\/v2\/users\/1"}],"replies":[{"embeddable":true,"href":"https:\/\/agisra.org\/wp-json\/wp\/v2\/comments?post=6262"}],"version-history":[{"count":0,"href":"https:\/\/agisra.org\/wp-json\/wp\/v2\/pages\/6262\/revisions"}],"wp:featuredmedia":[{"embeddable":true,"href":"https:\/\/agisra.org\/wp-json\/wp\/v2\/media\/6232"}],"wp:attachment":[{"href":"https:\/\/agisra.org\/wp-json\/wp\/v2\/media?parent=6262"}],"curies":[{"name":"wp","href":"https:\/\/api.w.org\/{rel}","templated":true}]}}