{"id":6264,"date":"2025-09-19T16:42:56","date_gmt":"2025-09-19T14:42:56","guid":{"rendered":"https:\/\/agisra.org\/?page_id=6264"},"modified":"2025-09-23T18:10:09","modified_gmt":"2025-09-23T16:10:09","slug":"spenden","status":"publish","type":"page","link":"https:\/\/agisra.org\/spenden\/","title":{"rendered":"Spenden"},"content":{"rendered":"\n<h2 class=\"wp-block-heading\">UNTERST\u00dcTZEN SIE UNS \u2013 Wir sind auf Ihre HILFE angewiesen.<\/h2>\n\n\n\n<p>Die finanzielle Situation von agisra ist seit der Gr\u00fcndung auf Spendenbereitschaft und F\u00f6rderungswillen angewiesen. Nur so k\u00f6nnen wir uns auch effektiv f\u00fcr die Belange der Migrantinnen* und Fl\u00fcchtlingsfrauen* einsetzen! Basis f\u00fcr ein erfolgreiches Arbeiten ist hier umso mehr, wenn die Sicherung der finanziellen und dauerhaften Unterst\u00fctzung gegeben ist und fortw\u00e4hrt.<\/p>\n\n\n\n<p>Wir, agisra e.V., finanzieren unsere T\u00e4tigkeit durch Zusch\u00fcsse der Stadt K\u00f6ln und des Landesministeriums NRW. Jeweilige F\u00f6rderungen verlangen jedoch einen Anteil vom Eigenmittel, teilweise bis zu 50% der F\u00f6rdersummen. Wir erschlie\u00dfen unsere Eigenmittel haupts\u00e4chlich durch die Spenden von Unterst\u00fctzer*innen.<\/p>\n\n\n\n<h2 class=\"wp-block-heading\">Deshalb unser Appell an Sie:<\/h2>\n\n\n\n<p>Unterst\u00fctzen Sie agisra und helfen Sie mit durch eine F\u00f6rdermitgliedschaft<\/p>\n\n\n\n<p>durch Online-Eink\u00e4ufe unter <a href=\"https:\/\/www.bildungsspender.de\/agisra\" target=\"_blank\" rel=\"noreferrer noopener nofollow\">bildungsspender.de\/agisra<\/a><\/p>\n\n\n\n<p>oder<\/p>\n\n\n\n<p>durch eine PayPal-Spende \u00fcber folgenden Button:<\/p>\n\n\n\n<div style=\"text-align: left;\">\n<form action=\"https:\/\/www.paypal.com\/donate\" method=\"post\" target=\"_blank\">\n<input type=\"hidden\" name=\"hosted_button_id\" value=\"9M8VWZQ9P7NZU\" \/>\n<input type=\"image\" src=\"https:\/\/www.paypalobjects.com\/de_DE\/DE\/i\/btn\/btn_donate_LG.gif\" border=\"0\" name=\"submit\" title=\"PayPal\" alt=\"Spenden mit dem PayPal-Button\" \/>\n<img decoding=\"async\" alt=\"\" border=\"0\" src=\"https:\/\/www.paypal.com\/de_DE\/i\/scr\/pixel.gif\" width=\"1\" height=\"1\" \/>\n<\/form>\n<\/div>\n\n\n\n<p><\/p>\n\n\n\n<p><strong>\u00dcberweisen Sie Ihre Spende auf folgendes Konto:<\/strong><\/p>\n\n\n\n<p>F\u00f6rderverein agisra e.V.<br>Sparkasse K\u00f6lnBonn<br>BLZ 370 501 98<br>Kontonr.: 335 520 92<\/p>\n\n\n\n<p>IBAN: DE40 3705 0198 0033 5520 92<\/p>\n\n\n\n<p>SWIFT-BIC: COLSDE33<\/p>\n\n\n\n<p>Die Spendenbest\u00e4tigungen \u00fcber Mitgliedszahlungen oder einmalig gezahlte Beitr\u00e4ge sind steuerlich absetzbar und werden Ihnen zu Beginn des jeweils darauf folgenden Jahres zugesandt. Spenden unter 200 Euro k\u00f6nnen direkt gegen Vorlage des \u00dcberweisungsbeleges beim Finanzamt von Ihnen eingereicht werden.<\/p>\n\n\n\n<p>Herzlichen Dank!<\/p>\n","protected":false},"excerpt":{"rendered":"<p>UNTERST\u00dcTZEN SIE UNS \u2013 Wir sind auf Ihre HILFE angewiesen. Die finanzielle Situation von agisra ist seit der Gr\u00fcndung auf Spendenbereitschaft und F\u00f6rderungswillen angewiesen. Nur so k\u00f6nnen wir uns auch effektiv f\u00fcr die Belange der Migrantinnen* und Fl\u00fcchtlingsfrauen* einsetzen! Basis f\u00fcr ein erfolgreiches Arbeiten ist hier umso mehr, wenn die Sicherung der finanziellen und dauerhaften [&hellip;]<\/p>\n","protected":false},"author":1,"featured_media":6228,"parent":0,"menu_order":0,"comment_status":"closed","ping_status":"closed","template":"","meta":{"_acf_changed":false,"footnotes":""},"class_list":["post-6264","page","type-page","status-publish","has-post-thumbnail","hentry"],"acf":[],"_links":{"self":[{"href":"https:\/\/agisra.org\/wp-json\/wp\/v2\/pages\/6264","targetHints":{"allow":["GET"]}}],"collection":[{"href":"https:\/\/agisra.org\/wp-json\/wp\/v2\/pages"}],"about":[{"href":"https:\/\/agisra.org\/wp-json\/wp\/v2\/types\/page"}],"author":[{"embeddable":true,"href":"https:\/\/agisra.org\/wp-json\/wp\/v2\/users\/1"}],"replies":[{"embeddable":true,"href":"https:\/\/agisra.org\/wp-json\/wp\/v2\/comments?post=6264"}],"version-history":[{"count":0,"href":"https:\/\/agisra.org\/wp-json\/wp\/v2\/pages\/6264\/revisions"}],"wp:featuredmedia":[{"embeddable":true,"href":"https:\/\/agisra.org\/wp-json\/wp\/v2\/media\/6228"}],"wp:attachment":[{"href":"https:\/\/agisra.org\/wp-json\/wp\/v2\/media?parent=6264"}],"curies":[{"name":"wp","href":"https:\/\/api.w.org\/{rel}","templated":true}]}}