{"id":6266,"date":"2025-09-19T16:43:39","date_gmt":"2025-09-19T14:43:39","guid":{"rendered":"https:\/\/agisra.org\/?page_id=6266"},"modified":"2025-09-19T16:43:39","modified_gmt":"2025-09-19T14:43:39","slug":"foerderverein","status":"publish","type":"page","link":"https:\/\/agisra.org\/?page_id=6266","title":{"rendered":"F\u00f6rderverein"},"content":{"rendered":"\n<h2 class=\"wp-block-heading\">Wozu ein F\u00f6rderverein?<\/h2>\n\n\n\n<p>agisra e.V ist eine anerkannte Beratungsstelle, die f\u00fcr ihre Arbeit Zusch\u00fcsse von der Stadt K\u00f6ln, dem Land NRW sowie von Bund und EU erh\u00e4lt. Diese Gelder allein reichen nicht, um die Arbeit von agisra zu finanzieren. Wichtige Arbeitsbereiche k\u00f6nnen nur von Honorarkr\u00e4ften und Ehrenamtlichen abgedeckt werden. Auch die Unterst\u00fctzung von Frauen in prek\u00e4ren Lebenslagen erfordert einen schnellen und unkomplizierten Zugang zu Geld. Unser Nothilfefond wird \u00fcber Spenden finanziert und erm\u00f6glicht es uns die Frauen (und ggf. ihre Kinder) mit kleinen Geldbetr\u00e4gen f\u00fcr Lebensmittel oder Hygieneartikel zu unterst\u00fctzen. Gleiches gilt f\u00fcr die Deckung von Kosten einer Notunterbringung oder aber f\u00fcr die rechtliche Erstberatung. Meist handelt es sich um schnelle Hilfen bis zur Anbindung ans Leistungssystem.<\/p>\n\n\n\n<h2 class=\"wp-block-heading\">Zus\u00e4tzlich fehlen Gelder f\u00fcr:<\/h2>\n\n\n\n<ul class=\"wp-block-list\">\n<li>Dolmetscherinnen <\/li>\n\n\n\n<li>Honorarkr\u00e4fte<\/li>\n\n\n\n<li>Fortbildung<\/li>\n\n\n\n<li>Supervision<\/li>\n\n\n\n<li>einen Fonds f\u00fcr Anwalts- und Arztkosten, akute Krisenhilfe<\/li>\n\n\n\n<li>technische Ausr\u00fcstungen<\/li>\n\n\n\n<li>Fahrtkosten<\/li>\n<\/ul>\n\n\n\n<p><\/p>\n\n\n\n<p>F\u00f6rderverein agisra e.V.<br>Sparkasse K\u00f6lnBonn<br>BLZ 370 501 98<br>Kontonr.: 335 520 92<\/p>\n\n\n\n<p>IBAN: DE40 3705 0198 0033 5520 92<\/p>\n\n\n\n<p>SWIFT-BIC: COLSDE33<\/p>\n\n\n\n<p>Vorstand des F\u00f6rdervereins: Anja Schulte, Inge Mirtschink und Florentine Heiber<\/p>\n\n\n\n<h2 class=\"wp-block-heading\">Was bedeutet es Mitglied zu werden?<\/h2>\n\n\n\n<ul class=\"wp-block-list\">\n<li>\u2026 von wenig bis viel \u2026 <\/li>\n\n\n\n<li>Mitglieder des F\u00f6rdervereins verpflichten sich jedes Jahr einen Mindestbeitrag von 30 Euro zu zahlen. Sonst nichts! <\/li>\n\n\n\n<li>Spenden in jeder H\u00f6he sind willkommen. <\/li>\n\n\n\n<li>Wer m\u00f6chte, kann herzlich gerne aktiv werden: <\/li>\n\n\n\n<li>Aktionen planen wie z.B. Feste, Info- Veranstaltungen, Sponsoraktionen, <\/li>\n\n\n\n<li>die Arbeit von agisra aktiv unterst\u00fctzen je nach F\u00e4higkeiten und Zeitreserven, z.B. Begleitung von Frauen*, technische Hilfen, Kinderbetreuung, Patenschaften, \u00dcbersetzungen, Wohnungsangebote, etc.<\/li>\n<\/ul>\n\n\n\n<p><\/p>\n\n\n\n<h2 class=\"wp-block-heading\">Beitrittserkl\u00e4rung<\/h2>\n\n\n\n<p>Bitte laden Sie die <a href=\"https:\/\/agisra.org\/wp-content\/uploads\/2025\/09\/Foerderverein_Mitgliedsantrag.pdf\" target=\"_blank\" rel=\"noreferrer noopener nofollow\">Beitrittserkl\u00e4rung<\/a> herunter, f\u00fcllen Sie sie vollst\u00e4ndig aus und schicken Sie die Erkl\u00e4rung unterschrieben an uns zur\u00fcck.<\/p>\n\n\n\n<p>Adresse:<br>F\u00f6rderverein agisra K\u00f6ln e.V.<br>Venloer Str. 415, 50825 K\u00f6ln.<\/p>\n\n\n\n<p>Hier erhalten Sie die aktuelle <a href=\"https:\/\/agisra.org\/wp-content\/uploads\/2025\/09\/Satzung-Foerderverein-1999.pdf\" target=\"_blank\" rel=\"noreferrer noopener nofollow\">Satzung<\/a> des F\u00f6rdervereins agisra.<\/p>\n\n\n\n<p>Der F\u00f6rderverein agisra e.V. ist als gemeinn\u00fctzig anerkannt. Die Spendenbest\u00e4tigungen \u00fcber Mitgliedszahlungen oder einmalig gezahlte Beitr\u00e4ge sind steuerlich absetzbar und werden Ihnen zu Beginn des jeweils darauffolgenden Jahres zugesandt. Spenden unter 300,00 Euro k\u00f6nnen direkt unter Vorlage des \u00dcberweisungsbelegs beim Finanzamt von Ihnen eingereicht werden.<\/p>\n","protected":false},"excerpt":{"rendered":"<p>Wozu ein F\u00f6rderverein? agisra e.V ist eine anerkannte Beratungsstelle, die f\u00fcr ihre Arbeit Zusch\u00fcsse von der Stadt K\u00f6ln, dem Land NRW sowie von Bund und EU erh\u00e4lt. Diese Gelder allein reichen nicht, um die Arbeit von agisra zu finanzieren. Wichtige Arbeitsbereiche k\u00f6nnen nur von Honorarkr\u00e4ften und Ehrenamtlichen abgedeckt werden. Auch die Unterst\u00fctzung von Frauen in [&hellip;]<\/p>\n","protected":false},"author":1,"featured_media":6220,"parent":0,"menu_order":0,"comment_status":"closed","ping_status":"closed","template":"","meta":{"_acf_changed":false,"footnotes":""},"class_list":["post-6266","page","type-page","status-publish","has-post-thumbnail","hentry"],"acf":[],"_links":{"self":[{"href":"https:\/\/agisra.org\/index.php?rest_route=\/wp\/v2\/pages\/6266","targetHints":{"allow":["GET"]}}],"collection":[{"href":"https:\/\/agisra.org\/index.php?rest_route=\/wp\/v2\/pages"}],"about":[{"href":"https:\/\/agisra.org\/index.php?rest_route=\/wp\/v2\/types\/page"}],"author":[{"embeddable":true,"href":"https:\/\/agisra.org\/index.php?rest_route=\/wp\/v2\/users\/1"}],"replies":[{"embeddable":true,"href":"https:\/\/agisra.org\/index.php?rest_route=%2Fwp%2Fv2%2Fcomments&post=6266"}],"version-history":[{"count":0,"href":"https:\/\/agisra.org\/index.php?rest_route=\/wp\/v2\/pages\/6266\/revisions"}],"wp:featuredmedia":[{"embeddable":true,"href":"https:\/\/agisra.org\/index.php?rest_route=\/wp\/v2\/media\/6220"}],"wp:attachment":[{"href":"https:\/\/agisra.org\/index.php?rest_route=%2Fwp%2Fv2%2Fmedia&parent=6266"}],"curies":[{"name":"wp","href":"https:\/\/api.w.org\/{rel}","templated":true}]}}