{"id":6391,"date":"2025-09-23T18:51:20","date_gmt":"2025-09-23T16:51:20","guid":{"rendered":"https:\/\/agisra.org\/?page_id=6391"},"modified":"2026-04-14T11:33:35","modified_gmt":"2026-04-14T09:33:35","slug":"impressum","status":"publish","type":"page","link":"https:\/\/agisra.org\/?page_id=6391","title":{"rendered":"Impressum"},"content":{"rendered":"\n<p>agisra e.V.<br>Venloer Str. 415<br>50825 K\u00f6ln Ehrenfeld<\/p>\n\n\n\n<p>Status: Gemeinn\u00fctziger, mildt\u00e4tiger Verein<\/p>\n\n\n\n<p>Vereinregister Nummer 12128 beim Amtsgericht K\u00f6ln<\/p>\n\n\n\n<p>Verantwortlich: Zahra Farahzadi, Dorothee Gei\u00df, Behshid Najafi<\/p>\n","protected":false},"excerpt":{"rendered":"<p>agisra e.V.Venloer Str. 41550825 K\u00f6ln Ehrenfeld Status: Gemeinn\u00fctziger, mildt\u00e4tiger Verein Vereinregister Nummer 12128 beim Amtsgericht K\u00f6ln Verantwortlich: Zahra Farahzadi, Dorothee Gei\u00df, Behshid Najafi<\/p>\n","protected":false},"author":1,"featured_media":0,"parent":0,"menu_order":0,"comment_status":"closed","ping_status":"closed","template":"","meta":{"_acf_changed":false,"footnotes":""},"class_list":["post-6391","page","type-page","status-publish","hentry"],"acf":[],"_links":{"self":[{"href":"https:\/\/agisra.org\/index.php?rest_route=\/wp\/v2\/pages\/6391","targetHints":{"allow":["GET"]}}],"collection":[{"href":"https:\/\/agisra.org\/index.php?rest_route=\/wp\/v2\/pages"}],"about":[{"href":"https:\/\/agisra.org\/index.php?rest_route=\/wp\/v2\/types\/page"}],"author":[{"embeddable":true,"href":"https:\/\/agisra.org\/index.php?rest_route=\/wp\/v2\/users\/1"}],"replies":[{"embeddable":true,"href":"https:\/\/agisra.org\/index.php?rest_route=%2Fwp%2Fv2%2Fcomments&post=6391"}],"version-history":[{"count":0,"href":"https:\/\/agisra.org\/index.php?rest_route=\/wp\/v2\/pages\/6391\/revisions"}],"wp:attachment":[{"href":"https:\/\/agisra.org\/index.php?rest_route=%2Fwp%2Fv2%2Fmedia&parent=6391"}],"curies":[{"name":"wp","href":"https:\/\/api.w.org\/{rel}","templated":true}]}}