{"id":6816,"date":"2026-03-27T14:03:37","date_gmt":"2026-03-27T13:03:37","guid":{"rendered":"https:\/\/agisra.org\/?page_id=6816"},"modified":"2026-03-27T14:13:33","modified_gmt":"2026-03-27T13:13:33","slug":"ueber-agisra-e-v","status":"publish","type":"page","link":"https:\/\/agisra.org\/?page_id=6816","title":{"rendered":"\u00dcber agisra e.V."},"content":{"rendered":"\n<p>Agisra steht f\u00fcr \u201eArbeitsgemeinschaft gegen internationale sexuelle und rassistische Ausbeutung\u201c. Der Verein ist 1993 gegr\u00fcndet worden, wird unabh\u00e4ngig finanziert und richtet sich an M\u00e4dchen, Frauen und TINA-Personen mit Flucht- oder Migrationsgeschichte und ihre Familien.<br>Die psychosoziale Beratung wird unabh\u00e4ngig von sozialer und ethnischer Herkunft, Religion, Alter, sexueller Orientierung, Sprachkenntnissen und Aufenthaltsstatus angeboten und folgt einem l\u00f6sungs- und ressourcenorientierten, rassismuskritischen, feministischen und intersektionalem Ansatz.<br>Agisra zeichnet sich au\u00dferdem durch die Selbstbetroffenheit der Mitarbeiterinnen aus: Das derzeitige Team besteht aus vierzehn Frauen, darunter Sozialarbeiterinnen, Dipl. P\u00e4dagoginnen, Politikwissenschaftlerinnen, einer Sprachmittlerin, einer Motop\u00e4din und einer Finanzbuchhalterin. Ein Gro\u00dfteil des Teams hat selbst eine Migrations- und\/oder Fluchtgeschichte. Gleichzeitig wird das Team von engagierten Ehrenamtlichen und Praktikant*innen unterst\u00fctzt.<br>Ziel unserer Arbeit ist zum einen, M\u00e4dchen, Frauen und TINA-Personen bei der Bew\u00e4ltigung ihrer Problemlagen und der Durchsetzung ihrer Rechte zu unterst\u00fctzen und dar\u00fcber hinaus die Missachtung von Menschenrechten gesellschaftlich und politisch sichtbar zu machen.<\/p>\n\n\n\n<p><\/p>\n","protected":false},"excerpt":{"rendered":"<p>Agisra steht f\u00fcr \u201eArbeitsgemeinschaft gegen internationale sexuelle und rassistische Ausbeutung\u201c. Der Verein ist 1993 gegr\u00fcndet worden, wird unabh\u00e4ngig finanziert und richtet sich an M\u00e4dchen, Frauen und TINA-Personen mit Flucht- oder Migrationsgeschichte und ihre Familien.Die psychosoziale Beratung wird unabh\u00e4ngig von sozialer und ethnischer Herkunft, Religion, Alter, sexueller Orientierung, Sprachkenntnissen und Aufenthaltsstatus angeboten und folgt einem l\u00f6sungs- [&hellip;]<\/p>\n","protected":false},"author":1,"featured_media":0,"parent":0,"menu_order":0,"comment_status":"closed","ping_status":"closed","template":"","meta":{"_acf_changed":false,"footnotes":""},"class_list":["post-6816","page","type-page","status-publish","hentry"],"acf":[],"_links":{"self":[{"href":"https:\/\/agisra.org\/index.php?rest_route=\/wp\/v2\/pages\/6816","targetHints":{"allow":["GET"]}}],"collection":[{"href":"https:\/\/agisra.org\/index.php?rest_route=\/wp\/v2\/pages"}],"about":[{"href":"https:\/\/agisra.org\/index.php?rest_route=\/wp\/v2\/types\/page"}],"author":[{"embeddable":true,"href":"https:\/\/agisra.org\/index.php?rest_route=\/wp\/v2\/users\/1"}],"replies":[{"embeddable":true,"href":"https:\/\/agisra.org\/index.php?rest_route=%2Fwp%2Fv2%2Fcomments&post=6816"}],"version-history":[{"count":0,"href":"https:\/\/agisra.org\/index.php?rest_route=\/wp\/v2\/pages\/6816\/revisions"}],"wp:attachment":[{"href":"https:\/\/agisra.org\/index.php?rest_route=%2Fwp%2Fv2%2Fmedia&parent=6816"}],"curies":[{"name":"wp","href":"https:\/\/api.w.org\/{rel}","templated":true}]}}