{"id":6821,"date":"2026-03-27T15:00:37","date_gmt":"2026-03-27T14:00:37","guid":{"rendered":"https:\/\/agisra.org\/?page_id=6821"},"modified":"2026-03-27T15:25:39","modified_gmt":"2026-03-27T14:25:39","slug":"6821-2","status":"publish","type":"page","link":"https:\/\/agisra.org\/?page_id=6821","title":{"rendered":"Leitbild"},"content":{"rendered":"\n<p>Das Leitbild von agisra e.V. fu\u00dft auf der Idee, dass Freiwilligkeit unabdingbar ist. Das bedeutet, dass die Inanspruchnahme des Beratungsangebots auf Wunsch der Beratungsnehmerinnen stattfinden muss. Dar\u00fcber hinaus ist die Beratung kostenlos und anonym, die Beratungsnehmerinnen werden diesbez\u00fcglich von den Beraterinnen aufgekl\u00e4rt. Wir\u00a0bieten psychosoziale Beratung und Unterst\u00fctzung f\u00fcr alle Beratungsnehmerinnen an, unabh\u00e4ngig von ihrer sozialen und ethnischen Herkunft, ihrer Religion, ihrem Alter, ihrer sexuellen Orientierung, ihren Sprachkenntnissen und ihrem Aufenthaltsstatus. Die Beratung hat die Stabilisierung der Beratungsnehmerinnen zum Ziel. Das meint, dass Beratungsnehmende auch bei Krisenintervention und im Laufe des psychosozialen Beratungsprozesses m\u00f6glichst an Handlungsmacht (zur\u00fcck)gewinnen. Die Arbeit bei agisra e.V. zeichnet sich durch die Betroffenheit der Mitarbeitenden aus. Das Team wird zusammengesetzt aus Menschen mit unterschiedlichen intersektionalen Perspektiven, was erm\u00f6glicht, dass Bezugspunkte zu den Lebenslagen der Beratungsnehmerinnen bestehen. Dies macht au\u00dferdem eine Beratung in der pr\u00e4ferierten Sprache der Beratungsnehmerinnen in den meisten F\u00e4llen m\u00f6glich. Ein besonderer Anspruch unserer Arbeit besteht darin, dass ein feministischer, intersektionaler, rassismuskritischer sowie ressourcenorientierter Ansatz verfolgt wird. Dementsprechend finden intern zu den oben genannten Themenschwerpunkten regelm\u00e4\u00dfige Fortbildungen und Supervisionen statt \u2013 wir sind uns bewusst, dass eine fortlaufende Auseinandersetzung mit den genannten Themenkomplexen unabdingbar ist. Unsere Arbeit orientiert sich an den Sichtweisen, Bed\u00fcrfnissen und St\u00e4rken der Beratungsnehmerinnen. Uns ist es ein Anliegen diese \u00fcber ihre Rechte zu informieren, sie emotional zu st\u00e4rken und sie bei der Entscheidungsfindung und Entwicklung neuer Lebensperspektiven zu unterst\u00fctzen.<\/p>\n\n\n\n<p><\/p>\n","protected":false},"excerpt":{"rendered":"<p>Das Leitbild von agisra e.V. fu\u00dft auf der Idee, dass Freiwilligkeit unabdingbar ist. Das bedeutet, dass die Inanspruchnahme des Beratungsangebots auf Wunsch der Beratungsnehmerinnen stattfinden muss. Dar\u00fcber hinaus ist die Beratung kostenlos und anonym, die Beratungsnehmerinnen werden diesbez\u00fcglich von den Beraterinnen aufgekl\u00e4rt. Wir\u00a0bieten psychosoziale Beratung und Unterst\u00fctzung f\u00fcr alle Beratungsnehmerinnen an, unabh\u00e4ngig von ihrer sozialen [&hellip;]<\/p>\n","protected":false},"author":1,"featured_media":5652,"parent":0,"menu_order":0,"comment_status":"closed","ping_status":"closed","template":"","meta":{"_acf_changed":false,"footnotes":""},"class_list":["post-6821","page","type-page","status-publish","has-post-thumbnail","hentry"],"acf":[],"_links":{"self":[{"href":"https:\/\/agisra.org\/index.php?rest_route=\/wp\/v2\/pages\/6821","targetHints":{"allow":["GET"]}}],"collection":[{"href":"https:\/\/agisra.org\/index.php?rest_route=\/wp\/v2\/pages"}],"about":[{"href":"https:\/\/agisra.org\/index.php?rest_route=\/wp\/v2\/types\/page"}],"author":[{"embeddable":true,"href":"https:\/\/agisra.org\/index.php?rest_route=\/wp\/v2\/users\/1"}],"replies":[{"embeddable":true,"href":"https:\/\/agisra.org\/index.php?rest_route=%2Fwp%2Fv2%2Fcomments&post=6821"}],"version-history":[{"count":0,"href":"https:\/\/agisra.org\/index.php?rest_route=\/wp\/v2\/pages\/6821\/revisions"}],"wp:featuredmedia":[{"embeddable":true,"href":"https:\/\/agisra.org\/index.php?rest_route=\/wp\/v2\/media\/5652"}],"wp:attachment":[{"href":"https:\/\/agisra.org\/index.php?rest_route=%2Fwp%2Fv2%2Fmedia&parent=6821"}],"curies":[{"name":"wp","href":"https:\/\/api.w.org\/{rel}","templated":true}]}}